{"id":466,"date":"2025-06-18T13:53:54","date_gmt":"2025-06-18T11:53:54","guid":{"rendered":"https:\/\/nuovo.circolonauticostabia.it\/?page_id=466"},"modified":"2025-11-18T17:49:22","modified_gmt":"2025-11-18T16:49:22","slug":"cultura-e-altri-sport","status":"publish","type":"page","link":"https:\/\/www.circolonauticostabia.it\/?page_id=466","title":{"rendered":"Cultura e Altri Sport"},"content":{"rendered":"\t\t<div data-elementor-type=\"wp-page\" data-elementor-id=\"466\" class=\"elementor elementor-466\">\n\t\t\t\t<div class=\"elementor-element elementor-element-75dc6c5 e-flex e-con-boxed wpr-particle-no wpr-jarallax-no wpr-parallax-no wpr-sticky-section-no e-con e-parent\" data-id=\"75dc6c5\" data-element_type=\"container\">\n\t\t\t\t\t<div class=\"e-con-inner\">\n\t\t<div class=\"elementor-element elementor-element-8c7e4f5 e-con-full e-flex wpr-particle-no wpr-jarallax-no wpr-parallax-no wpr-sticky-section-no e-con e-child\" data-id=\"8c7e4f5\" data-element_type=\"container\">\n\t\t\t\t<div class=\"elementor-element elementor-element-e781c52 elementor-widget-divider--view-line elementor-widget elementor-widget-divider\" data-id=\"e781c52\" data-element_type=\"widget\" data-widget_type=\"divider.default\">\n\t\t\t\t<div class=\"elementor-widget-container\">\n\t\t\t\t\t\t\t<div class=\"elementor-divider\">\n\t\t\t<span class=\"elementor-divider-separator\">\n\t\t\t\t\t\t<\/span>\n\t\t<\/div>\n\t\t\t\t\t\t<\/div>\n\t\t\t\t<\/div>\n\t\t\t\t<div class=\"elementor-element elementor-element-f50a19b elementor-widget elementor-widget-image\" data-id=\"f50a19b\" data-element_type=\"widget\" data-widget_type=\"image.default\">\n\t\t\t\t<div class=\"elementor-widget-container\">\n\t\t\t\t\t\t\t\t\t\t\t\t\t\t\t<img fetchpriority=\"high\" decoding=\"async\" width=\"923\" height=\"628\" src=\"https:\/\/www.circolonauticostabia.it\/wp-content\/uploads\/2025\/11\/Immagine-WhatsApp-2025-11-18-ore-10.38.14_41b99116-e1763481614379-1024x697.jpg\" class=\"attachment-large size-large wp-image-2235\" alt=\"\" srcset=\"https:\/\/www.circolonauticostabia.it\/wp-content\/uploads\/2025\/11\/Immagine-WhatsApp-2025-11-18-ore-10.38.14_41b99116-e1763481614379-1024x697.jpg 1024w, https:\/\/www.circolonauticostabia.it\/wp-content\/uploads\/2025\/11\/Immagine-WhatsApp-2025-11-18-ore-10.38.14_41b99116-e1763481614379-300x204.jpg 300w, https:\/\/www.circolonauticostabia.it\/wp-content\/uploads\/2025\/11\/Immagine-WhatsApp-2025-11-18-ore-10.38.14_41b99116-e1763481614379-768x522.jpg 768w, https:\/\/www.circolonauticostabia.it\/wp-content\/uploads\/2025\/11\/Immagine-WhatsApp-2025-11-18-ore-10.38.14_41b99116-e1763481614379-1536x1045.jpg 1536w, https:\/\/www.circolonauticostabia.it\/wp-content\/uploads\/2025\/11\/Immagine-WhatsApp-2025-11-18-ore-10.38.14_41b99116-e1763481614379-200x136.jpg 200w, https:\/\/www.circolonauticostabia.it\/wp-content\/uploads\/2025\/11\/Immagine-WhatsApp-2025-11-18-ore-10.38.14_41b99116-e1763481614379.jpg 2048w\" sizes=\"(max-width: 923px) 100vw, 923px\" \/>\t\t\t\t\t\t\t\t\t\t\t\t\t\t\t<\/div>\n\t\t\t\t<\/div>\n\t\t\t\t<div class=\"elementor-element elementor-element-a3c4d18 elementor-widget-divider--view-line elementor-widget elementor-widget-divider\" data-id=\"a3c4d18\" data-element_type=\"widget\" data-widget_type=\"divider.default\">\n\t\t\t\t<div class=\"elementor-widget-container\">\n\t\t\t\t\t\t\t<div class=\"elementor-divider\">\n\t\t\t<span class=\"elementor-divider-separator\">\n\t\t\t\t\t\t<\/span>\n\t\t<\/div>\n\t\t\t\t\t\t<\/div>\n\t\t\t\t<\/div>\n\t\t\t\t<div class=\"elementor-element elementor-element-d4f759e elementor-widget elementor-widget-heading\" data-id=\"d4f759e\" data-element_type=\"widget\" data-widget_type=\"heading.default\">\n\t\t\t\t<div class=\"elementor-widget-container\">\n\t\t\t\t\t<h2 class=\"elementor-heading-title elementor-size-default\">IL TENNIS <\/h2>\t\t\t\t<\/div>\n\t\t\t\t<\/div>\n\t\t\t\t<div class=\"elementor-element elementor-element-3c80149 elementor-align-center elementor-widget elementor-widget-button\" data-id=\"3c80149\" data-element_type=\"widget\" data-widget_type=\"button.default\">\n\t\t\t\t<div class=\"elementor-widget-container\">\n\t\t\t\t\t\t\t\t\t<div class=\"elementor-button-wrapper\">\n\t\t\t\t\t<a class=\"elementor-button elementor-button-link elementor-size-md\" href=\"https:\/\/www.circolonauticostabia.it\/?page_id=1082\">\n\t\t\t\t\t\t<span class=\"elementor-button-content-wrapper\">\n\t\t\t\t\t\t\t\t\t<span class=\"elementor-button-text\">Scopri di pi\u00f9<\/span>\n\t\t\t\t\t<\/span>\n\t\t\t\t\t<\/a>\n\t\t\t\t<\/div>\n\t\t\t\t\t\t\t\t<\/div>\n\t\t\t\t<\/div>\n\t\t\t\t<\/div>\n\t\t<div class=\"elementor-element elementor-element-875526a e-con-full e-flex wpr-particle-no wpr-jarallax-no wpr-parallax-no wpr-sticky-section-no e-con e-child\" data-id=\"875526a\" data-element_type=\"container\">\n\t\t\t\t<div class=\"elementor-element elementor-element-5d08802 elementor-widget-divider--view-line elementor-widget elementor-widget-divider\" data-id=\"5d08802\" data-element_type=\"widget\" data-widget_type=\"divider.default\">\n\t\t\t\t<div class=\"elementor-widget-container\">\n\t\t\t\t\t\t\t<div class=\"elementor-divider\">\n\t\t\t<span class=\"elementor-divider-separator\">\n\t\t\t\t\t\t<\/span>\n\t\t<\/div>\n\t\t\t\t\t\t<\/div>\n\t\t\t\t<\/div>\n\t\t\t\t<div class=\"elementor-element elementor-element-0125930 elementor-widget elementor-widget-image\" data-id=\"0125930\" data-element_type=\"widget\" data-widget_type=\"image.default\">\n\t\t\t\t<div class=\"elementor-widget-container\">\n\t\t\t\t\t\t\t\t\t\t\t\t\t\t\t<img decoding=\"async\" width=\"793\" height=\"540\" src=\"https:\/\/www.circolonauticostabia.it\/wp-content\/uploads\/2025\/09\/cartedagioco.jpg\" class=\"attachment-large size-large wp-image-1090\" alt=\"\" srcset=\"https:\/\/www.circolonauticostabia.it\/wp-content\/uploads\/2025\/09\/cartedagioco.jpg 793w, https:\/\/www.circolonauticostabia.it\/wp-content\/uploads\/2025\/09\/cartedagioco-300x204.jpg 300w, https:\/\/www.circolonauticostabia.it\/wp-content\/uploads\/2025\/09\/cartedagioco-768x523.jpg 768w, https:\/\/www.circolonauticostabia.it\/wp-content\/uploads\/2025\/09\/cartedagioco-200x136.jpg 200w\" sizes=\"(max-width: 793px) 100vw, 793px\" \/>\t\t\t\t\t\t\t\t\t\t\t\t\t\t\t<\/div>\n\t\t\t\t<\/div>\n\t\t\t\t<div class=\"elementor-element elementor-element-f37b98b elementor-widget-divider--view-line elementor-widget elementor-widget-divider\" data-id=\"f37b98b\" data-element_type=\"widget\" data-widget_type=\"divider.default\">\n\t\t\t\t<div class=\"elementor-widget-container\">\n\t\t\t\t\t\t\t<div class=\"elementor-divider\">\n\t\t\t<span class=\"elementor-divider-separator\">\n\t\t\t\t\t\t<\/span>\n\t\t<\/div>\n\t\t\t\t\t\t<\/div>\n\t\t\t\t<\/div>\n\t\t\t\t<div class=\"elementor-element elementor-element-45f8a48 elementor-widget elementor-widget-heading\" data-id=\"45f8a48\" data-element_type=\"widget\" data-widget_type=\"heading.default\">\n\t\t\t\t<div class=\"elementor-widget-container\">\n\t\t\t\t\t<h2 class=\"elementor-heading-title elementor-size-default\">IL BRIDGE<\/h2>\t\t\t\t<\/div>\n\t\t\t\t<\/div>\n\t\t\t\t<div class=\"elementor-element elementor-element-a00a182 elementor-align-center elementor-widget elementor-widget-button\" data-id=\"a00a182\" data-element_type=\"widget\" data-widget_type=\"button.default\">\n\t\t\t\t<div class=\"elementor-widget-container\">\n\t\t\t\t\t\t\t\t\t<div class=\"elementor-button-wrapper\">\n\t\t\t\t\t<a class=\"elementor-button elementor-button-link elementor-size-md\" href=\"https:\/\/www.circolonauticostabia.it\/?page_id=1088\">\n\t\t\t\t\t\t<span class=\"elementor-button-content-wrapper\">\n\t\t\t\t\t\t\t\t\t<span class=\"elementor-button-text\">Scopri di pi\u00f9<\/span>\n\t\t\t\t\t<\/span>\n\t\t\t\t\t<\/a>\n\t\t\t\t<\/div>\n\t\t\t\t\t\t\t\t<\/div>\n\t\t\t\t<\/div>\n\t\t\t\t<\/div>\n\t\t<div class=\"elementor-element elementor-element-4a37f95 e-con-full e-flex wpr-particle-no wpr-jarallax-no wpr-parallax-no wpr-sticky-section-no e-con e-child\" data-id=\"4a37f95\" data-element_type=\"container\">\n\t\t\t\t<div class=\"elementor-element elementor-element-e4d32ea elementor-widget-divider--view-line elementor-widget elementor-widget-divider\" data-id=\"e4d32ea\" data-element_type=\"widget\" data-widget_type=\"divider.default\">\n\t\t\t\t<div class=\"elementor-widget-container\">\n\t\t\t\t\t\t\t<div class=\"elementor-divider\">\n\t\t\t<span class=\"elementor-divider-separator\">\n\t\t\t\t\t\t<\/span>\n\t\t<\/div>\n\t\t\t\t\t\t<\/div>\n\t\t\t\t<\/div>\n\t\t\t\t<div class=\"elementor-element elementor-element-702b1a5 elementor-widget elementor-widget-image\" data-id=\"702b1a5\" data-element_type=\"widget\" data-widget_type=\"image.default\">\n\t\t\t\t<div class=\"elementor-widget-container\">\n\t\t\t\t\t\t\t\t\t\t\t\t\t\t\t<img decoding=\"async\" width=\"923\" height=\"616\" src=\"https:\/\/www.circolonauticostabia.it\/wp-content\/uploads\/2025\/11\/WhatsApp-Image-2025-09-26-at-19.43.26-e1762367274631-1024x683.jpeg\" class=\"attachment-large size-large wp-image-1764\" alt=\"\" srcset=\"https:\/\/www.circolonauticostabia.it\/wp-content\/uploads\/2025\/11\/WhatsApp-Image-2025-09-26-at-19.43.26-e1762367274631-1024x683.jpeg 1024w, https:\/\/www.circolonauticostabia.it\/wp-content\/uploads\/2025\/11\/WhatsApp-Image-2025-09-26-at-19.43.26-e1762367274631-300x200.jpeg 300w, https:\/\/www.circolonauticostabia.it\/wp-content\/uploads\/2025\/11\/WhatsApp-Image-2025-09-26-at-19.43.26-e1762367274631-768x512.jpeg 768w, https:\/\/www.circolonauticostabia.it\/wp-content\/uploads\/2025\/11\/WhatsApp-Image-2025-09-26-at-19.43.26-e1762367274631-1536x1024.jpeg 1536w, https:\/\/www.circolonauticostabia.it\/wp-content\/uploads\/2025\/11\/WhatsApp-Image-2025-09-26-at-19.43.26-e1762367274631-200x133.jpeg 200w, https:\/\/www.circolonauticostabia.it\/wp-content\/uploads\/2025\/11\/WhatsApp-Image-2025-09-26-at-19.43.26-e1762367274631.jpeg 2048w\" sizes=\"(max-width: 923px) 100vw, 923px\" \/>\t\t\t\t\t\t\t\t\t\t\t\t\t\t\t<\/div>\n\t\t\t\t<\/div>\n\t\t\t\t<div class=\"elementor-element elementor-element-d3fe0e8 elementor-widget-divider--view-line elementor-widget elementor-widget-divider\" data-id=\"d3fe0e8\" data-element_type=\"widget\" data-widget_type=\"divider.default\">\n\t\t\t\t<div class=\"elementor-widget-container\">\n\t\t\t\t\t\t\t<div class=\"elementor-divider\">\n\t\t\t<span class=\"elementor-divider-separator\">\n\t\t\t\t\t\t<\/span>\n\t\t<\/div>\n\t\t\t\t\t\t<\/div>\n\t\t\t\t<\/div>\n\t\t\t\t<div class=\"elementor-element elementor-element-10b4e96 elementor-widget elementor-widget-heading\" data-id=\"10b4e96\" data-element_type=\"widget\" data-widget_type=\"heading.default\">\n\t\t\t\t<div class=\"elementor-widget-container\">\n\t\t\t\t\t<h2 class=\"elementor-heading-title elementor-size-default\">IL TEATRO<\/h2>\t\t\t\t<\/div>\n\t\t\t\t<\/div>\n\t\t\t\t<div class=\"elementor-element elementor-element-7c92557 elementor-align-center elementor-widget elementor-widget-button\" data-id=\"7c92557\" data-element_type=\"widget\" data-widget_type=\"button.default\">\n\t\t\t\t<div class=\"elementor-widget-container\">\n\t\t\t\t\t\t\t\t\t<div class=\"elementor-button-wrapper\">\n\t\t\t\t\t<a class=\"elementor-button elementor-button-link elementor-size-md\" href=\"https:\/\/www.circolonauticostabia.it\/?page_id=2208\">\n\t\t\t\t\t\t<span class=\"elementor-button-content-wrapper\">\n\t\t\t\t\t\t\t\t\t<span class=\"elementor-button-text\">Scopri di pi\u00f9<\/span>\n\t\t\t\t\t<\/span>\n\t\t\t\t\t<\/a>\n\t\t\t\t<\/div>\n\t\t\t\t\t\t\t\t<\/div>\n\t\t\t\t<\/div>\n\t\t\t\t<\/div>\n\t\t\t\t\t<\/div>\n\t\t\t\t<\/div>\n\t\t\t\t<\/div>\n\t\t","protected":false},"excerpt":{"rendered":"<p>IL TENNIS Scopri di pi\u00f9 IL BRIDGE Scopri di pi\u00f9 IL TEATRO Scopri di pi\u00f9<\/p>\n","protected":false},"author":1,"featured_media":0,"parent":0,"menu_order":0,"comment_status":"closed","ping_status":"closed","template":"","meta":{"footnotes":""},"class_list":["post-466","page","type-page","status-publish","hentry"],"yoast_head":"<!-- This site is optimized with the Yoast SEO plugin v26.6 - https:\/\/yoast.com\/wordpress\/plugins\/seo\/ -->\n<title>Cultura e Altri Sport - Circolo Nautico Stabia<\/title>\n<meta name=\"robots\" content=\"index, follow, max-snippet:-1, max-image-preview:large, max-video-preview:-1\" \/>\n<link rel=\"canonical\" href=\"https:\/\/www.circolonauticostabia.it\/?page_id=466\" \/>\n<meta property=\"og:locale\" content=\"it_IT\" \/>\n<meta property=\"og:type\" content=\"article\" \/>\n<meta property=\"og:title\" content=\"Cultura e Altri Sport - Circolo Nautico Stabia\" \/>\n<meta property=\"og:description\" content=\"IL TENNIS Scopri di pi\u00f9 IL BRIDGE Scopri di pi\u00f9 IL TEATRO Scopri di pi\u00f9\" \/>\n<meta property=\"og:url\" content=\"https:\/\/www.circolonauticostabia.it\/?page_id=466\" \/>\n<meta property=\"og:site_name\" content=\"Circolo Nautico Stabia\" \/>\n<meta property=\"article:modified_time\" content=\"2025-11-18T16:49:22+00:00\" \/>\n<meta property=\"og:image\" content=\"https:\/\/www.circolonauticostabia.it\/wp-content\/uploads\/2025\/11\/Immagine-WhatsApp-2025-11-18-ore-10.38.14_41b99116-e1763481614379-1024x697.jpg\" \/>\n<meta name=\"twitter:card\" content=\"summary_large_image\" \/>\n<script type=\"application\/ld+json\" class=\"yoast-schema-graph\">{\"@context\":\"https:\/\/schema.org\",\"@graph\":[{\"@type\":\"WebPage\",\"@id\":\"https:\/\/www.circolonauticostabia.it\/?page_id=466\",\"url\":\"https:\/\/www.circolonauticostabia.it\/?page_id=466\",\"name\":\"Cultura e Altri Sport - Circolo Nautico Stabia\",\"isPartOf\":{\"@id\":\"https:\/\/www.circolonauticostabia.it\/#website\"},\"primaryImageOfPage\":{\"@id\":\"https:\/\/www.circolonauticostabia.it\/?page_id=466#primaryimage\"},\"image\":{\"@id\":\"https:\/\/www.circolonauticostabia.it\/?page_id=466#primaryimage\"},\"thumbnailUrl\":\"https:\/\/www.circolonauticostabia.it\/wp-content\/uploads\/2025\/11\/Immagine-WhatsApp-2025-11-18-ore-10.38.14_41b99116-e1763481614379-1024x697.jpg\",\"datePublished\":\"2025-06-18T11:53:54+00:00\",\"dateModified\":\"2025-11-18T16:49:22+00:00\",\"breadcrumb\":{\"@id\":\"https:\/\/www.circolonauticostabia.it\/?page_id=466#breadcrumb\"},\"inLanguage\":\"it-IT\",\"potentialAction\":[{\"@type\":\"ReadAction\",\"target\":[\"https:\/\/www.circolonauticostabia.it\/?page_id=466\"]}]},{\"@type\":\"ImageObject\",\"inLanguage\":\"it-IT\",\"@id\":\"https:\/\/www.circolonauticostabia.it\/?page_id=466#primaryimage\",\"url\":\"https:\/\/www.circolonauticostabia.it\/wp-content\/uploads\/2025\/11\/Immagine-WhatsApp-2025-11-18-ore-10.38.14_41b99116-e1763481614379.jpg\",\"contentUrl\":\"https:\/\/www.circolonauticostabia.it\/wp-content\/uploads\/2025\/11\/Immagine-WhatsApp-2025-11-18-ore-10.38.14_41b99116-e1763481614379.jpg\",\"width\":2048,\"height\":1393},{\"@type\":\"BreadcrumbList\",\"@id\":\"https:\/\/www.circolonauticostabia.it\/?page_id=466#breadcrumb\",\"itemListElement\":[{\"@type\":\"ListItem\",\"position\":1,\"name\":\"Home\",\"item\":\"https:\/\/www.circolonauticostabia.it\/\"},{\"@type\":\"ListItem\",\"position\":2,\"name\":\"Cultura e Altri Sport\"}]},{\"@type\":\"WebSite\",\"@id\":\"https:\/\/www.circolonauticostabia.it\/#website\",\"url\":\"https:\/\/www.circolonauticostabia.it\/\",\"name\":\"Circolo Nautico Stabia\",\"description\":\"\",\"publisher\":{\"@id\":\"https:\/\/www.circolonauticostabia.it\/#organization\"},\"potentialAction\":[{\"@type\":\"SearchAction\",\"target\":{\"@type\":\"EntryPoint\",\"urlTemplate\":\"https:\/\/www.circolonauticostabia.it\/?s={search_term_string}\"},\"query-input\":{\"@type\":\"PropertyValueSpecification\",\"valueRequired\":true,\"valueName\":\"search_term_string\"}}],\"inLanguage\":\"it-IT\"},{\"@type\":\"Organization\",\"@id\":\"https:\/\/www.circolonauticostabia.it\/#organization\",\"name\":\"Circolo Nautico Stabia\",\"url\":\"https:\/\/www.circolonauticostabia.it\/\",\"logo\":{\"@type\":\"ImageObject\",\"inLanguage\":\"it-IT\",\"@id\":\"https:\/\/www.circolonauticostabia.it\/#\/schema\/logo\/image\/\",\"url\":\"https:\/\/www.circolonauticostabia.it\/wp-content\/uploads\/2025\/07\/cropped-LOGO-23.png\",\"contentUrl\":\"https:\/\/www.circolonauticostabia.it\/wp-content\/uploads\/2025\/07\/cropped-LOGO-23.png\",\"width\":957,\"height\":829,\"caption\":\"Circolo Nautico Stabia\"},\"image\":{\"@id\":\"https:\/\/www.circolonauticostabia.it\/#\/schema\/logo\/image\/\"}}]}<\/script>\n<!-- \/ Yoast SEO plugin. -->","yoast_head_json":{"title":"Cultura e Altri Sport - Circolo Nautico Stabia","robots":{"index":"index","follow":"follow","max-snippet":"max-snippet:-1","max-image-preview":"max-image-preview:large","max-video-preview":"max-video-preview:-1"},"canonical":"https:\/\/www.circolonauticostabia.it\/?page_id=466","og_locale":"it_IT","og_type":"article","og_title":"Cultura e Altri Sport - Circolo Nautico Stabia","og_description":"IL TENNIS Scopri di pi\u00f9 IL BRIDGE Scopri di pi\u00f9 IL TEATRO Scopri di pi\u00f9","og_url":"https:\/\/www.circolonauticostabia.it\/?page_id=466","og_site_name":"Circolo Nautico Stabia","article_modified_time":"2025-11-18T16:49:22+00:00","og_image":[{"url":"https:\/\/www.circolonauticostabia.it\/wp-content\/uploads\/2025\/11\/Immagine-WhatsApp-2025-11-18-ore-10.38.14_41b99116-e1763481614379-1024x697.jpg","type":"","width":"","height":""}],"twitter_card":"summary_large_image","schema":{"@context":"https:\/\/schema.org","@graph":[{"@type":"WebPage","@id":"https:\/\/www.circolonauticostabia.it\/?page_id=466","url":"https:\/\/www.circolonauticostabia.it\/?page_id=466","name":"Cultura e Altri Sport - Circolo Nautico Stabia","isPartOf":{"@id":"https:\/\/www.circolonauticostabia.it\/#website"},"primaryImageOfPage":{"@id":"https:\/\/www.circolonauticostabia.it\/?page_id=466#primaryimage"},"image":{"@id":"https:\/\/www.circolonauticostabia.it\/?page_id=466#primaryimage"},"thumbnailUrl":"https:\/\/www.circolonauticostabia.it\/wp-content\/uploads\/2025\/11\/Immagine-WhatsApp-2025-11-18-ore-10.38.14_41b99116-e1763481614379-1024x697.jpg","datePublished":"2025-06-18T11:53:54+00:00","dateModified":"2025-11-18T16:49:22+00:00","breadcrumb":{"@id":"https:\/\/www.circolonauticostabia.it\/?page_id=466#breadcrumb"},"inLanguage":"it-IT","potentialAction":[{"@type":"ReadAction","target":["https:\/\/www.circolonauticostabia.it\/?page_id=466"]}]},{"@type":"ImageObject","inLanguage":"it-IT","@id":"https:\/\/www.circolonauticostabia.it\/?page_id=466#primaryimage","url":"https:\/\/www.circolonauticostabia.it\/wp-content\/uploads\/2025\/11\/Immagine-WhatsApp-2025-11-18-ore-10.38.14_41b99116-e1763481614379.jpg","contentUrl":"https:\/\/www.circolonauticostabia.it\/wp-content\/uploads\/2025\/11\/Immagine-WhatsApp-2025-11-18-ore-10.38.14_41b99116-e1763481614379.jpg","width":2048,"height":1393},{"@type":"BreadcrumbList","@id":"https:\/\/www.circolonauticostabia.it\/?page_id=466#breadcrumb","itemListElement":[{"@type":"ListItem","position":1,"name":"Home","item":"https:\/\/www.circolonauticostabia.it\/"},{"@type":"ListItem","position":2,"name":"Cultura e Altri Sport"}]},{"@type":"WebSite","@id":"https:\/\/www.circolonauticostabia.it\/#website","url":"https:\/\/www.circolonauticostabia.it\/","name":"Circolo Nautico Stabia","description":"","publisher":{"@id":"https:\/\/www.circolonauticostabia.it\/#organization"},"potentialAction":[{"@type":"SearchAction","target":{"@type":"EntryPoint","urlTemplate":"https:\/\/www.circolonauticostabia.it\/?s={search_term_string}"},"query-input":{"@type":"PropertyValueSpecification","valueRequired":true,"valueName":"search_term_string"}}],"inLanguage":"it-IT"},{"@type":"Organization","@id":"https:\/\/www.circolonauticostabia.it\/#organization","name":"Circolo Nautico Stabia","url":"https:\/\/www.circolonauticostabia.it\/","logo":{"@type":"ImageObject","inLanguage":"it-IT","@id":"https:\/\/www.circolonauticostabia.it\/#\/schema\/logo\/image\/","url":"https:\/\/www.circolonauticostabia.it\/wp-content\/uploads\/2025\/07\/cropped-LOGO-23.png","contentUrl":"https:\/\/www.circolonauticostabia.it\/wp-content\/uploads\/2025\/07\/cropped-LOGO-23.png","width":957,"height":829,"caption":"Circolo Nautico Stabia"},"image":{"@id":"https:\/\/www.circolonauticostabia.it\/#\/schema\/logo\/image\/"}}]}},"rttpg_featured_image_url":null,"rttpg_author":{"display_name":"Admin","author_link":"https:\/\/www.circolonauticostabia.it\/?author=1"},"rttpg_comment":0,"rttpg_category":null,"rttpg_excerpt":"IL TENNIS Scopri di pi\u00f9 IL BRIDGE Scopri di pi\u00f9 IL TEATRO Scopri di pi\u00f9","_links":{"self":[{"href":"https:\/\/www.circolonauticostabia.it\/index.php?rest_route=\/wp\/v2\/pages\/466","targetHints":{"allow":["GET"]}}],"collection":[{"href":"https:\/\/www.circolonauticostabia.it\/index.php?rest_route=\/wp\/v2\/pages"}],"about":[{"href":"https:\/\/www.circolonauticostabia.it\/index.php?rest_route=\/wp\/v2\/types\/page"}],"author":[{"embeddable":true,"href":"https:\/\/www.circolonauticostabia.it\/index.php?rest_route=\/wp\/v2\/users\/1"}],"replies":[{"embeddable":true,"href":"https:\/\/www.circolonauticostabia.it\/index.php?rest_route=%2Fwp%2Fv2%2Fcomments&post=466"}],"version-history":[{"count":31,"href":"https:\/\/www.circolonauticostabia.it\/index.php?rest_route=\/wp\/v2\/pages\/466\/revisions"}],"predecessor-version":[{"id":2249,"href":"https:\/\/www.circolonauticostabia.it\/index.php?rest_route=\/wp\/v2\/pages\/466\/revisions\/2249"}],"wp:attachment":[{"href":"https:\/\/www.circolonauticostabia.it\/index.php?rest_route=%2Fwp%2Fv2%2Fmedia&parent=466"}],"curies":[{"name":"wp","href":"https:\/\/api.w.org\/{rel}","templated":true}]}}